{"id":109,"date":"2024-07-30T14:26:11","date_gmt":"2024-07-30T14:26:11","guid":{"rendered":"https:\/\/cabinet-codreanu.ch\/?page_id=109"},"modified":"2024-07-30T14:34:59","modified_gmt":"2024-07-30T14:34:59","slug":"test","status":"publish","type":"page","link":"https:\/\/cabinet-codreanu.ch\/index.php\/test\/","title":{"rendered":"Test"},"content":{"rendered":"\n<div class=\"wp-block-group alignfull has-background has-global-padding is-layout-constrained wp-container-core-group-is-layout-669513ed wp-block-group-is-layout-constrained\" style=\"background-color:#ffffff;margin-top:0;margin-bottom:0;padding-top:var(--wp--preset--spacing--50);padding-right:var(--wp--preset--spacing--50);padding-bottom:var(--wp--preset--spacing--50);padding-left:var(--wp--preset--spacing--50)\">\n<div class=\"wp-block-columns alignwide is-layout-flex wp-container-core-columns-is-layout-1da03c2a wp-block-columns-is-layout-flex\">\n<div class=\"wp-block-column is-vertically-aligned-stretch is-layout-flow wp-block-column-is-layout-flow\" style=\"flex-basis:50%\">\n<div class=\"wp-block-group is-vertical is-content-justification-stretch is-layout-flex wp-container-core-group-is-layout-444d5ee8 wp-block-group-is-layout-flex\" style=\"min-height:100%\">\n<h2 class=\"wp-block-heading has-large-font-size\"><strong>Dr Andrea CODREANU<\/strong><br>M\u00e9decin angiologue \u00e0 \u00c9palinges <\/h2>\n\n\n\n<p class=\"has-heading-font-family has-medium-font-size\">(environs de Lausanne)<\/p>\n\n\n\n<div class=\"wp-block-buttons has-custom-font-size has-small-font-size is-layout-flex wp-block-buttons-is-layout-flex\">\n<div class=\"wp-block-button\"><a class=\"wp-block-button__link has-background wp-element-button\" style=\"background-color:#60cc9c\">Vacances du 29.07.2024 au 19.08.2024<\/a><\/div>\n<\/div>\n\n\n\n<h2 class=\"wp-block-heading has-large-font-size\">Horaires<\/h2>\n\n\n\n<p class=\"has-heading-font-family has-medium-font-size\" style=\"line-height:1.4\">lun.: 08:30\u2009\u2013\u200916:00<br>mar.: 08:30\u2009\u2013\u200912:30, 13:30\u2009\u2013\u200916:00<br>mer.: 08:30\u2009\u2013\u200912:30<br>jeu.: 08:30\u2009\u2013\u200912:30<br>ven.: 08:30\u2009\u2013\u200912:30, 13:30\u2009\u2013\u200916:00<br>sam.: Ferm\u00e9<br>dim.: Ferm\u00e9<\/p>\n\n\n\n<div class=\"wp-block-group has-global-padding is-content-justification-left is-layout-constrained wp-container-core-group-is-layout-9fe8ed88 wp-block-group-is-layout-constrained\">\n<p>Cabinet Dr. Codreanu<br>Route de la Corniche 1<br>CH-1066 Epalinges<br><\/p>\n\n\n\n<div class=\"wp-block-buttons is-layout-flex wp-block-buttons-is-layout-flex\">\n<div class=\"wp-block-button\"><a class=\"wp-block-button__link wp-element-button\" href=\"tel:+41215258210\">T\u00e9l\u00e9phoner<\/a><\/div>\n\n\n\n<div class=\"wp-block-button\"><a class=\"wp-block-button__link wp-element-button\" href=\"https:\/\/www.google.com\/maps\/dir\/\/Cabinet+priv%C3%A9+Dr+A+Codreanu\/data=!4m8!4m7!1m0!1m5!1m1!1s0x478c2e64e959becb:0xaa81f3418e0228f0!2m2!1d6.661999!2d46.543012\">Itin\u00e9raire<\/a><\/div>\n<\/div>\n<\/div>\n<\/div>\n<\/div>\n\n\n\n<div class=\"wp-block-column is-vertically-aligned-center is-layout-flow wp-block-column-is-layout-flow\" style=\"flex-basis:50%\">\n<figure class=\"wp-block-image size-full is-resized is-style-rounded is-style-rounded--2\"><img loading=\"lazy\" decoding=\"async\" width=\"854\" height=\"600\" src=\"https:\/\/cabinet-codreanu.ch\/wp-content\/uploads\/2023\/11\/2020-10-12-edited.jpg\" alt=\"\" class=\"wp-image-49\" style=\"aspect-ratio:0.75;object-fit:cover;width:454px;height:auto\" srcset=\"https:\/\/cabinet-codreanu.ch\/wp-content\/uploads\/2023\/11\/2020-10-12-edited.jpg 854w, https:\/\/cabinet-codreanu.ch\/wp-content\/uploads\/2023\/11\/2020-10-12-edited-300x211.jpg 300w, https:\/\/cabinet-codreanu.ch\/wp-content\/uploads\/2023\/11\/2020-10-12-edited-768x540.jpg 768w\" sizes=\"auto, (max-width: 854px) 100vw, 854px\" \/><\/figure>\n<\/div>\n<\/div>\n<\/div>\n\n\n\n<div class=\"wp-block-group alignfull has-base-background-color has-background has-global-padding is-layout-constrained wp-container-core-group-is-layout-d89aad35 wp-block-group-is-layout-constrained\" style=\"margin-top:0;margin-bottom:0;padding-top:var(--wp--preset--spacing--50);padding-right:var(--wp--preset--spacing--50);padding-bottom:var(--wp--preset--spacing--50);padding-left:var(--wp--preset--spacing--50)\">\n<div class=\"wp-block-columns alignwide is-layout-flex wp-container-core-columns-is-layout-549b0c86 wp-block-columns-is-layout-flex\">\n<div class=\"wp-block-column has-global-padding is-content-justification-left is-layout-constrained wp-container-core-column-is-layout-4f15e8fe wp-block-column-is-layout-constrained\" style=\"flex-basis:25%\">\n<figure class=\"wp-block-image size-full\"><img loading=\"lazy\" decoding=\"async\" width=\"600\" height=\"563\" src=\"https:\/\/cabinet-codreanu.ch\/wp-content\/uploads\/2023\/11\/2020-10-12-image.jpg\" alt=\"\" class=\"wp-image-21\" srcset=\"https:\/\/cabinet-codreanu.ch\/wp-content\/uploads\/2023\/11\/2020-10-12-image.jpg 600w, https:\/\/cabinet-codreanu.ch\/wp-content\/uploads\/2023\/11\/2020-10-12-image-300x282.jpg 300w\" sizes=\"auto, (max-width: 600px) 100vw, 600px\" \/><\/figure>\n<\/div>\n\n\n\n<div class=\"wp-block-column is-layout-flow wp-container-core-column-is-layout-119bc444 wp-block-column-is-layout-flow\" style=\"flex-basis:75%\">\n<h1 class=\"wp-block-heading has-x-large-font-size\" style=\"line-height:1\">Le <strong>Dr Andrea CODREANU<\/strong>, medecin angiologue<\/h1>\n\n\n\n<h2 class=\"wp-block-heading has-large-font-size\">Specialiste FMH d\u2019angiologie, elle s\u2019occupe des maladies vasculaires peripheriques (problemes et\/ou troubles circulatoires: arteriels, veineux \u2013 phlebologie \u2013 et lymphatiques).&nbsp;<\/h2>\n\n\n\n<div class=\"wp-block-columns is-layout-flex wp-container-core-columns-is-layout-87beb0d0 wp-block-columns-is-layout-flex\">\n<div class=\"wp-block-column is-layout-flow wp-block-column-is-layout-flow\">\n<p><strong>Examens angiologiques \/ vasculaires<\/strong><\/p>\n\n\n\n<ul class=\"wp-block-list\">\n<li>echodoppler arteriel \/ veineux&nbsp;<\/li>\n\n\n\n<li>doppler arteriel continu&nbsp;<\/li>\n\n\n\n<li>plethysmographie arterielle&nbsp;<\/li>\n\n\n\n<li>capillaroscopie<\/li>\n\n\n\n<li>test de marche (test d\u2019effort arteriel)<\/li>\n<\/ul>\n<\/div>\n\n\n\n<div class=\"wp-block-column is-layout-flow wp-block-column-is-layout-flow\">\n<p><strong>Interventions&nbsp;<\/strong><\/p>\n\n\n\n<p>Elle pratique des interventions ambulatoires des varices (alternatives ou complements \u00e0 la chirurgie classique des varices) :&nbsp;<\/p>\n\n\n\n<ul class=\"wp-block-list\">\n<li>sclerotherapie (esthetique)<\/li>\n\n\n\n<li>sclerotherapie \u00e0 la mousse echoguidee<\/li>\n\n\n\n<li>phlebectomie<\/li>\n\n\n\n<li>ablation thermique endoveineuse (laser)<\/li>\n<\/ul>\n<\/div>\n<\/div>\n\n\n\n<h3 class=\"wp-block-heading\"><strong>L&rsquo;angiologie c&rsquo;est quoi ?<\/strong><\/h3>\n\n\n\n<p><em><strong>\u00c9tude l\u2019ensemble de la circulation dans tous les vaisseaux<\/strong><\/em>.<\/p>\n\n\n\n<div class=\"wp-block-columns is-layout-flex wp-container-core-columns-is-layout-28f84493 wp-block-columns-is-layout-flex\">\n<div class=\"wp-block-column is-layout-flow wp-block-column-is-layout-flow\">\n<p>Angio = vaisseaux (grec)<br>logie = \u00e9tude (grec)<\/p>\n\n\n\n<p>3 types de vaisseaux : arteres \u2013 veines \u2013 vaisseaux lymphatiques<\/p>\n<\/div>\n\n\n\n<div class=\"wp-block-column is-layout-flow wp-block-column-is-layout-flow\">\n<ul class=\"wp-block-list\">\n<li>arteriologie pour les arteres<\/li>\n\n\n\n<li>phlebologie pour les veines<\/li>\n\n\n\n<li>etude de la microcirculation pour les capillaires<\/li>\n\n\n\n<li>lymphologie pour les vaisseaux lymphatiques<\/li>\n<\/ul>\n<\/div>\n<\/div>\n<\/div>\n<\/div>\n<\/div>\n\n\n\n<div class=\"wp-block-group alignfull has-contrast-background-color has-background has-global-padding is-layout-constrained wp-container-core-group-is-layout-d89aad35 wp-block-group-is-layout-constrained\" style=\"margin-top:0;margin-bottom:0;padding-top:var(--wp--preset--spacing--50);padding-right:var(--wp--preset--spacing--50);padding-bottom:var(--wp--preset--spacing--50);padding-left:var(--wp--preset--spacing--50)\">\n<div class=\"wp-block-columns alignwide is-layout-flex wp-container-core-columns-is-layout-1da03c2a wp-block-columns-is-layout-flex\">\n<div class=\"wp-block-column is-vertically-aligned-center is-layout-flow wp-block-column-is-layout-flow\" style=\"flex-basis:60%\">\n<figure class=\"wp-block-image size-full is-resized is-style-rounded wp-duotone-unset-4 is-style-rounded--3\"><img loading=\"lazy\" decoding=\"async\" width=\"600\" height=\"563\" src=\"https:\/\/cabinet-codreanu.ch\/wp-content\/uploads\/2023\/11\/DSC_0505_2.jpg\" alt=\"\" class=\"wp-image-20\" style=\"aspect-ratio:1.3333333333333333;object-fit:cover;width:599px;height:auto\" srcset=\"https:\/\/cabinet-codreanu.ch\/wp-content\/uploads\/2023\/11\/DSC_0505_2.jpg 600w, https:\/\/cabinet-codreanu.ch\/wp-content\/uploads\/2023\/11\/DSC_0505_2-300x282.jpg 300w\" sizes=\"auto, (max-width: 600px) 100vw, 600px\" \/><\/figure>\n<\/div>\n\n\n\n<div class=\"wp-block-column is-layout-flow wp-block-column-is-layout-flow\" style=\"flex-basis:40%\">\n<h2 class=\"wp-block-heading has-text-color has-link-color wp-elements-03af135416068222760a7b0243ae7177\" style=\"color:#ffffff\">Rendez-vous au Biop\u00f4le \u00e0 \u00c9palinges<\/h2>\n\n\n\n<p class=\"has-base-color has-text-color has-link-color wp-elements-bead0db272ee6d73b5c6d9f11d90c66d\">Le Cabinet est situ\u00e9 \u00e0 Epalinges, B\u00e2timent Glycine du parc Biop\u00f4le de Lausanne&nbsp;<a href=\"https:\/\/www.biopole.ch\/fr\/\">https:\/\/www.biopole.ch\/fr\/<\/a><\/p>\n\n\n\n<p class=\"has-base-color has-text-color has-link-color wp-elements-621812b0bb57f6e7a66ba2c30b3947cc\">Avant ou apr\u00e8s la consultation, le Caf\u00e9 @biop\u00f4le. Il offre \u00e9galement de la nourriture saine.&nbsp;<\/p>\n\n\n\n<p class=\"has-base-color has-text-color has-link-color wp-elements-23096553d2b901bcd32951b62abd7ed8\">Nous consultons en: <\/p>\n\n\n\n<ul class=\"wp-block-list is-style-checkmark-list has-base-color has-text-color has-link-color wp-elements-d6500d3bd66c1134c6a1b8997cdf727e\">\n<li>fran\u00e7ais, anglais, italien, roumain<\/li>\n<\/ul>\n\n\n\n<div class=\"wp-block-buttons is-layout-flex wp-block-buttons-is-layout-flex\">\n<div class=\"wp-block-button\"><a class=\"wp-block-button__link wp-element-button\" href=\"tel:+41215258210\">Prendre rendez-vous<\/a><\/div>\n<\/div>\n<\/div>\n<\/div>\n<\/div>\n\n\n\n<div class=\"wp-block-group alignfull has-background has-global-padding is-layout-constrained wp-container-core-group-is-layout-669513ed wp-block-group-is-layout-constrained\" style=\"background-color:#ffffff;margin-top:0;margin-bottom:0;padding-top:var(--wp--preset--spacing--50);padding-right:var(--wp--preset--spacing--50);padding-bottom:var(--wp--preset--spacing--50);padding-left:var(--wp--preset--spacing--50)\">\n<div class=\"wp-block-group alignfull has-base-background-color has-background has-global-padding is-layout-constrained wp-container-core-group-is-layout-d89aad35 wp-block-group-is-layout-constrained\" style=\"margin-top:0;margin-bottom:0;padding-top:var(--wp--preset--spacing--50);padding-right:var(--wp--preset--spacing--50);padding-bottom:var(--wp--preset--spacing--50);padding-left:var(--wp--preset--spacing--50)\">\n<div class=\"wp-block-columns alignwide are-vertically-aligned-center is-layout-flex wp-container-core-columns-is-layout-47c06fe3 wp-block-columns-is-layout-flex\">\n<div class=\"wp-block-column is-vertically-aligned-center is-layout-flow wp-block-column-is-layout-flow\" style=\"flex-basis:25%\">\n<h2 class=\"wp-block-heading\">Adresse et contact:<\/h2>\n\n\n\n<p>Cabinet Dr. Codreanu<br>Route de la Corniche 1<br>CH-1066 Epalinges<\/p>\n\n\n\n<p>T\u00e9l\u00e9phone: <a href=\"tel:+41215258210\" data-type=\"tel\" data-id=\"tel:+41215258210\">021 525 82 10<\/a><\/p>\n\n\n\n<p>Email: <a href=\"mailto:cab.codreanu@svmed-hin.ch\">cab.codreanu@svmed-hin.ch<\/a><\/p>\n\n\n\n<div class=\"wp-block-buttons is-layout-flex wp-block-buttons-is-layout-flex\">\n<div class=\"wp-block-button\"><a class=\"wp-block-button__link wp-element-button\" href=\"tel:+41215258210\">T\u00e9l\u00e9phoner<\/a><\/div>\n\n\n\n<div class=\"wp-block-button\"><a class=\"wp-block-button__link wp-element-button\" href=\"https:\/\/www.google.com\/maps\/dir\/\/Cabinet+priv%C3%A9+Dr+A+Codreanu\/data=!4m8!4m7!1m0!1m5!1m1!1s0x478c2e64e959becb:0xaa81f3418e0228f0!2m2!1d6.661999!2d46.543012\">Itin\u00e9raire<\/a><\/div>\n<\/div>\n<\/div>\n\n\n\n<div class=\"wp-block-column is-vertically-aligned-center is-layout-flow wp-block-column-is-layout-flow\" style=\"flex-basis:75%\">\n<figure class=\"wp-block-image size-full is-style-rounded is-style-rounded--5\"><a href=\"https:\/\/www.google.com\/maps\/dir\/\/Cabinet+priv%C3%A9+Dr+A+Codreanu\/data=!4m8!4m7!1m0!1m5!1m1!1s0x478c2e64e959becb:0xaa81f3418e0228f0!2m2!1d6.661999!2d46.543012\"><img loading=\"lazy\" decoding=\"async\" width=\"1065\" height=\"596\" src=\"https:\/\/cabinet-codreanu.ch\/wp-content\/uploads\/2023\/11\/Capture-decran-du-2023-11-18-12-52-51.png\" alt=\"\" class=\"wp-image-37\" style=\"aspect-ratio:4\/3;object-fit:cover\" srcset=\"https:\/\/cabinet-codreanu.ch\/wp-content\/uploads\/2023\/11\/Capture-decran-du-2023-11-18-12-52-51.png 1065w, https:\/\/cabinet-codreanu.ch\/wp-content\/uploads\/2023\/11\/Capture-decran-du-2023-11-18-12-52-51-300x168.png 300w, https:\/\/cabinet-codreanu.ch\/wp-content\/uploads\/2023\/11\/Capture-decran-du-2023-11-18-12-52-51-1024x573.png 1024w, https:\/\/cabinet-codreanu.ch\/wp-content\/uploads\/2023\/11\/Capture-decran-du-2023-11-18-12-52-51-768x430.png 768w\" sizes=\"auto, (max-width: 1065px) 100vw, 1065px\" \/><\/a><\/figure>\n<\/div>\n<\/div>\n<\/div>\n\n\n\n<div class=\"wp-block-group alignfull has-background is-vertical is-content-justification-center is-layout-flex wp-container-core-group-is-layout-ce155fab wp-block-group-is-layout-flex\" style=\"background-color:#ffffff\">\n<h2 class=\"wp-block-heading has-text-align-center has-xx-large-font-size\">Plus d&rsquo;infos ?<\/h2>\n\n\n\n<div class=\"wp-block-group is-content-justification-center is-nowrap is-layout-flex wp-container-core-group-is-layout-23441af8 wp-block-group-is-layout-flex\">\n<div class=\"wp-block-columns is-layout-flex wp-container-core-columns-is-layout-ade348e7 wp-block-columns-is-layout-flex\" style=\"border-style:none;border-width:0px;margin-top:0;margin-bottom:0;padding-right:0;padding-left:0\">\n<div class=\"wp-block-column is-vertically-aligned-center is-layout-flow wp-block-column-is-layout-flow\">\n<h4 class=\"wp-block-heading\"><strong>Page Facebook<\/strong><\/h4>\n\n\n\n<p><a href=\"https:\/\/www.facebook.com\/drandreacodreanu\/\">https:\/\/www.facebook.com\/drandreacodreanu\/<\/a><\/p>\n<\/div>\n\n\n\n<div class=\"wp-block-column is-vertically-aligned-center is-layout-flow wp-block-column-is-layout-flow\">\n<h4 class=\"wp-block-heading\"><strong>Page LinkedIn<\/strong><\/h4>\n\n\n\n<p><a href=\"https:\/\/www.linkedin.com\/company\/10505742\/\">https:\/\/www.linkedin.com\/company\/10505742\/<\/a><\/p>\n<\/div>\n\n\n\n<div class=\"wp-block-column is-vertically-aligned-center is-layout-flow wp-block-column-is-layout-flow\">\n<h4 class=\"wp-block-heading\"><strong>Informations jambes lourdes et compression m\u00e9dicale<\/strong><\/h4>\n\n\n\n<p><a href=\"https:\/\/www.sigvaris.com\/fr-fr\/services-et-conseils\/je-suis-un-patient\">https:\/\/www.sigvaris.com\/fr-fr\/services-et-conseils\/je-suis-un-patient<\/a><\/p>\n<\/div>\n\n\n\n<div class=\"wp-block-column is-vertically-aligned-center is-layout-flow wp-block-column-is-layout-flow\">\n<h4 class=\"wp-block-heading\"><strong>Comprendre le syst\u00e8me d&rsquo;assurance maladie suisse<\/strong><\/h4>\n\n\n\n<p><a href=\"https:\/\/www.atousante.ch\/sante-au-travail\/base-legales\/systeme-social\/comment-fonctionne-le-systeme-de-sante-suisse\/\">https:\/\/www.atousante.ch\/sante-au-travail\/base-legales\/systeme-social\/comment-fonctionne-le-systeme-de-sante-suisse\/<\/a><\/p>\n<\/div>\n<\/div>\n<\/div>\n\n\n\n<hr class=\"wp-block-separator has-alpha-channel-opacity\" style=\"margin-top:var(--wp--preset--spacing--10);margin-bottom:var(--wp--preset--spacing--10)\"\/>\n\n\n<ul style=\"padding-top:0;padding-bottom:0;padding-left:0;padding-right:0;margin-right:0;margin-left:0;\" class=\"wp-block-latest-posts__list is-grid columns-2 wp-block-latest-posts has-medium-font-size\"><li><a class=\"wp-block-latest-posts__post-title\" href=\"https:\/\/cabinet-codreanu.ch\/index.php\/2018\/01\/04\/patient-oui-passif-non\/\">Patient oui, passif non!<\/a><div class=\"wp-block-latest-posts__post-excerpt\">D\u00e9couvrez les droits et devoirs du patient ainsi que des conseils et ressources pratiques.<\/div><\/li>\n<li><a class=\"wp-block-latest-posts__post-title\" href=\"https:\/\/cabinet-codreanu.ch\/index.php\/2017\/01\/08\/consultation\/\">Rendez-vous et consultation<\/a><div class=\"wp-block-latest-posts__post-excerpt\">Pr\u00e9parer votre consultation: prise de rendez-vous, dur\u00e9e, avant un examen, apr\u00e8s l&rsquo;examen, etc.<\/div><\/li>\n<li><a class=\"wp-block-latest-posts__post-title\" href=\"https:\/\/cabinet-codreanu.ch\/index.php\/2016\/10\/17\/appareils-utilises-en-angiologie\/\">Appareils utilises en angiologie<\/a><div class=\"wp-block-latest-posts__post-excerpt\">D\u00e9couvrez les appareils qui sont couramment utilis\u00e9s en angiologie.<\/div><\/li>\n<li><a class=\"wp-block-latest-posts__post-title\" href=\"https:\/\/cabinet-codreanu.ch\/index.php\/2012\/02\/08\/prevention-de-la-maladie-veineuse-chronique\/\">Pr\u00e9vention de la maladie veineuse chronique<\/a><div class=\"wp-block-latest-posts__post-excerpt\">D\u00e9couvrez un article de la Revu M\u00e9dicale Suisse sur la pr\u00e9vention de la maladie veineuse chronique.<\/div><\/li>\n<\/ul><\/div>\n<\/div>\n\n\n\n<div class=\"wp-block-group alignfull has-base-color has-contrast-background-color has-text-color has-background has-link-color wp-elements-6b18795a68e9315c5231322c46e6878b has-global-padding is-layout-constrained wp-container-core-group-is-layout-d89aad35 wp-block-group-is-layout-constrained\" style=\"margin-top:0;margin-bottom:0;padding-top:var(--wp--preset--spacing--50);padding-right:var(--wp--preset--spacing--50);padding-bottom:var(--wp--preset--spacing--50);padding-left:var(--wp--preset--spacing--50)\">\n<h2 class=\"wp-block-heading alignwide has-base-color has-text-color has-link-color wp-elements-c9b5699bdecff18878afa112249018b5\" style=\"font-size:clamp(4.509rem, 4.509rem + ((1vw - 0.2rem) * 9.152), 10rem);letter-spacing:-0.02em\">FAQs<\/h2>\n\n\n\n<div class=\"wp-block-group alignwide is-layout-flow wp-block-group-is-layout-flow\">\n<hr class=\"wp-block-separator has-text-color has-base-color has-alpha-channel-opacity has-base-background-color has-background is-style-wide\"\/>\n\n\n\n<details class=\"wp-block-details is-style-arrow-icon-details has-medium-font-size is-layout-flow wp-block-details-is-layout-flow\" style=\"border-top-style:none;border-top-width:0px;border-right-style:none;border-right-width:0px;border-bottom-color:var(--wp--preset--color--base);border-bottom-style:solid;border-bottom-width:1px;border-left-style:none;border-left-width:0px;margin-top:0\"><summary>L&rsquo;angiologie c&rsquo;est quoi ?<\/summary>\n<p>Angio = vaisseaux (grec) logie = \u00e9tude, L&rsquo;angiologie etudie l\u2019ensemble de la circulation dans tous les vaisseaux.&nbsp;<br>3 types de vaisseaux : arteres \u2013 veines \u2013 vaisseaux lymphatiques<\/p>\n<\/details>\n\n\n\n<details class=\"wp-block-details is-style-arrow-icon-details has-medium-font-size is-layout-flow wp-block-details-is-layout-flow\" style=\"border-top-style:none;border-top-width:0px;border-right-style:none;border-right-width:0px;border-bottom-color:var(--wp--preset--color--base);border-bottom-style:solid;border-bottom-width:1px;border-left-style:none;border-left-width:0px;margin-top:0;font-style:normal;font-weight:400\"><summary>Quels types d&rsquo;examens pratiquez-vous ?<\/summary>\n<ul class=\"wp-block-list\">\n<li>doppler arteriel continu (analyse de la vitesse du flux sanguin, bonne irrigation des organes)<\/li>\n\n\n\n<li>plethysmographie arterielle (mesure de la pression sanguine au niveau du gros orteil)<\/li>\n\n\n\n<li>echodoppler arteriel \/ veineux (sante des vaisseaux: caillots, retrecissement, dilatation\u2026)<\/li>\n\n\n\n<li>capillaroscopie (detection des anomalies morphologiques et de la densite des capillaires)<\/li>\n\n\n\n<li>test de marche (test d\u2019effort arteriel)<\/li>\n<\/ul>\n<\/details>\n\n\n\n<details class=\"wp-block-details is-style-arrow-icon-details has-medium-font-size is-layout-flow wp-block-details-is-layout-flow\" style=\"border-top-style:none;border-top-width:0px;border-right-style:none;border-right-width:0px;border-bottom-color:var(--wp--preset--color--base);border-bottom-style:solid;border-bottom-width:1px;border-left-style:none;border-left-width:0px;margin-top:0\"><summary>Quels types de bilans m\u00e9dicaux pratiquez-vous ?<\/summary>\n<p>Nous pratiquons des bilans pour:<\/p>\n\n\n\n<ul class=\"wp-block-list\">\n<li>maladies arterielles peripheriques (\u00e9galement&nbsp;au niveau du cou: axes arteriels precerebraux \u2013 carotides extracr\u00e2niennes)<\/li>\n\n\n\n<li>maladie variqueuse<\/li>\n\n\n\n<li>syndrome de Raynaud<\/li>\n\n\n\n<li>recherches de thromboses arterielles \/ veineuses<\/li>\n<\/ul>\n<\/details>\n\n\n\n<details class=\"wp-block-details is-style-arrow-icon-details has-medium-font-size is-layout-flow wp-block-details-is-layout-flow\" style=\"border-top-style:none;border-top-width:0px;border-right-style:none;border-right-width:0px;border-bottom-color:var(--wp--preset--color--base);border-bottom-style:solid;border-bottom-width:1px;border-left-style:none;border-left-width:0px;margin-top:0\"><summary>Quels interventions ambulatoires pratiquez-vous ?<\/summary>\n<ul class=\"wp-block-list\">\n<li>sclerotherapie (esthetique) \u2013 \u00e0 la charge du patient<\/li>\n\n\n\n<li>sclerotherapie \u00e0 la mousse echoguidee \u2013 rembours\u00e9e en principe par l\u2019assurance de base LAMal<\/li>\n\n\n\n<li>phlebectomie \u2013&nbsp;rembours\u00e9e par l\u2019assurance de base LAMal<\/li>\n\n\n\n<li>ablation thermique endoveineuse (laser) \u2013&nbsp;rembours\u00e9e par l\u2019assurance de base&nbsp;LAMal , demande par le medecin en cours d\u00e8s&nbsp;2016<\/li>\n<\/ul>\n<\/details>\n\n\n\n<details class=\"wp-block-details is-style-arrow-icon-details has-medium-font-size is-layout-flow wp-block-details-is-layout-flow\" style=\"border-top-style:none;border-top-width:0px;border-right-style:none;border-right-width:0px;border-bottom-color:var(--wp--preset--color--base);border-bottom-style:solid;border-bottom-width:1px;border-left-style:none;border-left-width:0px;margin-top:0\"><summary>Quels sont les sympt\u00f4mes de l\u2019insuffisance veineuse ?<\/summary>\n<p><strong>Non obligatoirement presents, non exhaustifs:<\/strong><\/p>\n\n\n\n<p>Sensations de jambes lourdes (surtout en fin de journee), tension \u2013 fourmillements \u2013 engourdissement \u2013 crampes musculaires \u2013 chevilles et\/ou pieds enfles (oedemes) \u2013 demangeaisons \u2013 variation de la couleur de la peau (tache bleutee\u2026) \u2013 bosse souple au toucher \u2013 impatience des jambes \u2013 ulcere\u2026entre autres<\/p>\n<\/details>\n\n\n\n<details class=\"wp-block-details is-style-arrow-icon-details has-medium-font-size is-layout-flow wp-block-details-is-layout-flow\" style=\"border-top-style:none;border-top-width:0px;border-right-style:none;border-right-width:0px;border-bottom-color:var(--wp--preset--color--base);border-bottom-style:solid;border-bottom-width:1px;border-left-style:none;border-left-width:0px;margin-top:0\"><summary>Quels sont les sympt\u00f4mes de l\u2019arteriopathie<\/summary>\n<p><strong>\u2757 Non obligatoirement presents, non exhaustifs:<\/strong><\/p>\n\n\n\n<p>Stades evolutifs, apparition (en general lors de la marche), bo\u00eeterie:<\/p>\n\n\n\n<p>Sensation de g\u00eane de plus en plus forte, crispation (crampe), lien serre \u2013 Si poursuite de la marche (ou montee) g\u00eane devient douloureuse et monte de la jambe jusqu\u2019aux fesses \u2013 Le sujet est oblige de s\u2019arreter \u2013 Apr\u00e8s arret de la marche, douleur disparait petit \u00e0 petit<\/p>\n\n\n\n<p>Aggravation des signes:<\/p>\n\n\n\n<p>Douleurs deja presentes au repos, m\u00eame en position allongee et la nuit<\/p>\n<\/details>\n\n\n\n<div style=\"margin-top:var(--wp--preset--spacing--10);margin-bottom:0;height:var(--wp--preset--spacing--10)\" aria-hidden=\"true\" class=\"wp-block-spacer\"><\/div>\n<\/div>\n<\/div>\n","protected":false},"excerpt":{"rendered":"<p>Dr Andrea CODREANUM\u00e9decin angiologue \u00e0 \u00c9palinges (environs de Lausanne) Horaires lun.: 08:30\u2009\u2013\u200916:00mar.: 08:30\u2009\u2013\u200912:30, 13:30\u2009\u2013\u200916:00mer.: 08:30\u2009\u2013\u200912:30jeu.: 08:30\u2009\u2013\u200912:30ven.: 08:30\u2009\u2013\u200912:30, 13:30\u2009\u2013\u200916:00sam.: Ferm\u00e9dim.: Ferm\u00e9 Cabinet Dr. CodreanuRoute de la Corniche 1CH-1066 Epalinges Le Dr Andrea CODREANU, medecin angiologue Specialiste FMH d\u2019angiologie, elle s\u2019occupe des maladies vasculaires peripheriques (problemes et\/ou troubles circulatoires: arteriels, veineux \u2013 phlebologie \u2013 et lymphatiques).&nbsp; Examens [&hellip;]<\/p>\n","protected":false},"author":1,"featured_media":0,"parent":0,"menu_order":0,"comment_status":"closed","ping_status":"closed","template":"","meta":{"footnotes":""},"class_list":["post-109","page","type-page","status-publish","hentry"],"_links":{"self":[{"href":"https:\/\/cabinet-codreanu.ch\/index.php\/wp-json\/wp\/v2\/pages\/109","targetHints":{"allow":["GET"]}}],"collection":[{"href":"https:\/\/cabinet-codreanu.ch\/index.php\/wp-json\/wp\/v2\/pages"}],"about":[{"href":"https:\/\/cabinet-codreanu.ch\/index.php\/wp-json\/wp\/v2\/types\/page"}],"author":[{"embeddable":true,"href":"https:\/\/cabinet-codreanu.ch\/index.php\/wp-json\/wp\/v2\/users\/1"}],"replies":[{"embeddable":true,"href":"https:\/\/cabinet-codreanu.ch\/index.php\/wp-json\/wp\/v2\/comments?post=109"}],"version-history":[{"count":5,"href":"https:\/\/cabinet-codreanu.ch\/index.php\/wp-json\/wp\/v2\/pages\/109\/revisions"}],"predecessor-version":[{"id":116,"href":"https:\/\/cabinet-codreanu.ch\/index.php\/wp-json\/wp\/v2\/pages\/109\/revisions\/116"}],"wp:attachment":[{"href":"https:\/\/cabinet-codreanu.ch\/index.php\/wp-json\/wp\/v2\/media?parent=109"}],"curies":[{"name":"wp","href":"https:\/\/api.w.org\/{rel}","templated":true}]}}